{"id":10,"date":"2015-11-11T12:18:14","date_gmt":"2015-11-11T10:18:14","guid":{"rendered":"http:\/\/blog.klicty.net\/?page_id=9"},"modified":"2016-04-09T22:32:40","modified_gmt":"2016-04-09T20:32:40","slug":"introduction","status":"publish","type":"page","link":"http:\/\/blog.klicty.org\/?page_id=10","title":{"rendered":"Introduction"},"content":{"rendered":"<h2>Introduction<\/h2>\n<p style=\"text-align: justify;\">Bienvenue sur <em>klicty<\/em>.<\/p>\n<p style=\"text-align: justify;\">C&rsquo;est un <strong>espace ouvert et prot\u00e9g\u00e9<\/strong> de <strong>partage d&rsquo;information<\/strong> \u00e0 <strong>dur\u00e9e limit\u00e9e<\/strong>.<\/p>\n<h3 style=\"text-align: justify;\">&gt; Partage<\/h3>\n<p style=\"text-align: justify;\">Les fichiers t\u00e9l\u00e9charg\u00e9s deviennent des objets. Sous forme d&rsquo;objets, ils sont strictement identifi\u00e9s et leurs contenus sont compl\u00e8tement verrouill\u00e9s. Ainsi, ils peuvent \u00eatre conserv\u00e9s et partag\u00e9s avec une grande fiabilit\u00e9.<\/p>\n<h3 style=\"text-align: justify;\">&gt; Protection<\/h3>\n<p style=\"text-align: justify;\">Les objets peuvent \u00eatre publics ou prot\u00e9g\u00e9s. Les objets prot\u00e9g\u00e9s b\u00e9n\u00e9ficient d&rsquo;un chiffrement fort afin de les rendre illisibles de fa\u00e7on permanente pour toute personne non autoris\u00e9e.<\/p>\n<h3 style=\"text-align: justify;\">&gt; Dur\u00e9e limit\u00e9e<\/h3>\n<p style=\"text-align: justify;\">Les objets ainsi partag\u00e9s ont tous une dur\u00e9e de vie limit\u00e9e sur ce serveur. Ils sont supprim\u00e9s \u00e0 l&rsquo;issue.<br \/>\nLa dur\u00e9e de vie est une limite impos\u00e9e sp\u00e9cifiquement sur <em>klicty<\/em>.<\/p>\n","protected":false},"excerpt":{"rendered":"<p>Introduction Bienvenue sur klicty. C&rsquo;est un espace ouvert et prot\u00e9g\u00e9 de partage d&rsquo;information \u00e0 dur\u00e9e limit\u00e9e. &gt; Partage Les fichiers t\u00e9l\u00e9charg\u00e9s deviennent des objets. Sous forme d&rsquo;objets, ils sont strictement identifi\u00e9s et leurs contenus sont compl\u00e8tement verrouill\u00e9s. Ainsi, ils peuvent \u00eatre conserv\u00e9s et partag\u00e9s avec une grande fiabilit\u00e9. &gt; Protection Les objets peuvent \u00eatre publics &hellip; <a href=\"http:\/\/blog.klicty.org\/?page_id=10\" class=\"more-link\">Continuer la lecture de <span class=\"screen-reader-text\">Introduction<\/span><\/a><\/p>\n","protected":false},"author":1,"featured_media":0,"parent":0,"menu_order":1,"comment_status":"open","ping_status":"open","template":"","meta":[],"_links":{"self":[{"href":"http:\/\/blog.klicty.org\/index.php?rest_route=\/wp\/v2\/pages\/10"}],"collection":[{"href":"http:\/\/blog.klicty.org\/index.php?rest_route=\/wp\/v2\/pages"}],"about":[{"href":"http:\/\/blog.klicty.org\/index.php?rest_route=\/wp\/v2\/types\/page"}],"author":[{"embeddable":true,"href":"http:\/\/blog.klicty.org\/index.php?rest_route=\/wp\/v2\/users\/1"}],"replies":[{"embeddable":true,"href":"http:\/\/blog.klicty.org\/index.php?rest_route=%2Fwp%2Fv2%2Fcomments&post=10"}],"version-history":[{"count":4,"href":"http:\/\/blog.klicty.org\/index.php?rest_route=\/wp\/v2\/pages\/10\/revisions"}],"predecessor-version":[{"id":131,"href":"http:\/\/blog.klicty.org\/index.php?rest_route=\/wp\/v2\/pages\/10\/revisions\/131"}],"wp:attachment":[{"href":"http:\/\/blog.klicty.org\/index.php?rest_route=%2Fwp%2Fv2%2Fmedia&parent=10"}],"curies":[{"name":"wp","href":"https:\/\/api.w.org\/{rel}","templated":true}]}}